{"id":61361,"date":"2020-01-15T12:50:52","date_gmt":"2020-01-15T12:50:52","guid":{"rendered":"https:\/\/jardinexotiqueroscoff.com\/produit\/protea-repens-white-weiss\/"},"modified":"2025-11-24T13:33:05","modified_gmt":"2025-11-24T13:33:05","slug":"protea-repens-white-weiss","status":"publish","type":"product","link":"https:\/\/jardinexotiqueroscoff.com\/de\/produit\/protea-repens-white-weiss\/","title":{"rendered":"Protea repens 'White' (Wei\u00df)"},"content":{"rendered":"<div id=\"dslc-theme-content\"><div id=\"dslc-theme-content-inner\"><div class=\"wpb-content-wrapper\"><p>[vc_row][vc_column][vc_column_text]Zusammenfassung: Protea repens 'White' ist ein Strauch aus der Familie der Proteaceae.<br \/>\n<!--more--><\/p>\n<p>Botanischer Name: Protea repens 'White' Hort.<\/p>\n<p>Familie: Proteaceae<\/p>\n<p>Herkunft: S\u00fcdafrika<\/p>\n<p>Gebr\u00e4uchlicher Name: Protaeus<\/p>\n<p>Winterh\u00e4rte: -6\u00b0C<\/p>\n<p>CCVS Protea Kollektion<\/p>\n<p>Protea repens 'White' ist eine Selektion mit wei\u00dfen oder cremefarbenen Bl\u00fctenst\u00e4nden, die in S\u00fcdafrika in der Natur vorkommt. Sie unterscheidet sich nicht vom Typ in Bezug auf den Hafen. Es handelt sich um einen einst\u00e4mmigen Strauch, der bis zu 3 m oder sogar 4,5 m hoch werden kann. Die Bl\u00fctezeit ist bei uns eher im Sp\u00e4therbst und Winter. Unser Exemplar wurde 2011 aus Samen von Heuning Klip in der N\u00e4he von Hermanus an der S\u00fcdk\u00fcste S\u00fcdafrikas ges\u00e4t und 2013 gepflanzt.[\/vc_column_text][\/vc_column][\/vc_row]<\/p>\n<\/div><\/div><\/div>","protected":false},"excerpt":{"rendered":"<p>[vc_row][vc_column][vc_column_text]Zusammenfassung: Protea repens 'White' ist ein Strauch aus der Familie der Proteaceae.<\/p>\n","protected":false},"featured_media":60464,"template":"","meta":[],"product_brand":[],"product_cat":[436,435,434,437],"product_tag":[439,438],"class_list":{"0":"post-61361","1":"product","2":"type-product","3":"status-publish","4":"has-post-thumbnail","6":"product_cat-protea-de","7":"product_cat-proteaceae-de","8":"product_cat-proteus","9":"product_cat-sudafrika","10":"product_tag-sammlung-ccvs","11":"product_tag-strauch","13":"first","14":"instock","15":"featured","16":"shipping-taxable","17":"product-type-simple"},"_links":{"self":[{"href":"https:\/\/jardinexotiqueroscoff.com\/de\/wp-json\/wp\/v2\/product\/61361","targetHints":{"allow":["GET"]}}],"collection":[{"href":"https:\/\/jardinexotiqueroscoff.com\/de\/wp-json\/wp\/v2\/product"}],"about":[{"href":"https:\/\/jardinexotiqueroscoff.com\/de\/wp-json\/wp\/v2\/types\/product"}],"wp:featuredmedia":[{"embeddable":true,"href":"https:\/\/jardinexotiqueroscoff.com\/de\/wp-json\/wp\/v2\/media\/60464"}],"wp:attachment":[{"href":"https:\/\/jardinexotiqueroscoff.com\/de\/wp-json\/wp\/v2\/media?parent=61361"}],"wp:term":[{"taxonomy":"product_brand","embeddable":true,"href":"https:\/\/jardinexotiqueroscoff.com\/de\/wp-json\/wp\/v2\/product_brand?post=61361"},{"taxonomy":"product_cat","embeddable":true,"href":"https:\/\/jardinexotiqueroscoff.com\/de\/wp-json\/wp\/v2\/product_cat?post=61361"},{"taxonomy":"product_tag","embeddable":true,"href":"https:\/\/jardinexotiqueroscoff.com\/de\/wp-json\/wp\/v2\/product_tag?post=61361"}],"curies":[{"name":"wp","href":"https:\/\/api.w.org\/{rel}","templated":true}]}}