{"id":61634,"date":"2019-10-13T07:03:17","date_gmt":"2019-10-13T07:03:17","guid":{"rendered":"https:\/\/jardinexotiqueroscoff.com\/kontakte\/"},"modified":"2026-02-20T16:43:13","modified_gmt":"2026-02-20T16:43:13","slug":"kontakte","status":"publish","type":"page","link":"https:\/\/jardinexotiqueroscoff.com\/de\/kontakte\/","title":{"rendered":"Kontakte"},"content":{"rendered":"<div id=\"dslc-theme-content\"><div id=\"dslc-theme-content-inner\"><div class=\"wpb-content-wrapper\"><p>[vc_row][vc_column][vc_column_text css=\"\"]<\/p>\n<div class=\"sc_form_address_field\"><span class=\"sc_form_address_label\">Adresse<\/span> <span class=\"sc_form_address_data\">130 Route de Traon Erc'h, 29680 Roscoff<\/span><\/div>\n<div><\/div>\n<div class=\"sc_form_address_field\"><span class=\"sc_form_address_label\">Telefon<\/span> <span class=\"sc_form_address_data\"><a href=\"tel:02%2098%2061%2029%2019\">02 98 61 29 19<\/a><\/span><\/div>\n<div><\/div>\n<div><\/div>\n<div><\/div>\n<div class=\"sc_form_address_field\"><span class=\"sc_form_address_label\">F\u00fcr weitere Fragen :<\/span> <span class=\"sc_form_address_data\"><a href=\"email:grapes%5Bat%5Dwanadoo.fr\">grapes[at]wanadoo.de<\/a><\/span><\/div>\n<div><\/div>\n<div><\/div>\n<div><\/div>\n<h2 class=\"sc_form_address_field\"><span class=\"sc_form_address_label\" style=\"color: #339966;\">Er\u00f6ffnung<\/span><\/h2>\n<div class=\"sc_form_address_field\"><span class=\"sc_form_address_data\">T\u00e4glich vom 1. M\u00e4rz bis 31. Oktober, durchgehend, auch an Feiertagen!<\/span><\/div>\n<div><\/div>\n<div><\/div>\n<div><\/div>\n<h2><span style=\"color: #339966;\">\u00d6ffnungszeiten<\/span><\/h2>\n<div class=\"sc_form_address_field\"><span class=\"sc_form_address_data\">  Nebensaison: von 10:00 bis 18:00 Uhr durchgehend | Juli &amp; August: von 10:00 bis 19:00 Uhr durchgehend<\/span><\/div>\n<p>[\/vc_column_text][\/vc_column][\/vc_row][vc_row][vc_column][vc_column_text]<\/p>\n<h2><span style=\"color: #ff6600;\">MITGLIEDSCHAFT<\/span><\/h2>\n<p>Jeder, der GRAPES unterst\u00fctzen m\u00f6chte, kann dem Verein beitreten. Dies bedeutet, dass Sie zu den Generalversammlungen des Vereins eingeladen werden und an den Abstimmungen teilnehmen k\u00f6nnen, dass Sie w\u00e4hrend des gesamten Kalenderjahres der Mitgliedschaft w\u00e4hrend der \u00d6ffnungszeiten des Gartens Zugang zum Garten haben und dass Sie 10% Rabatt auf den Kauf von Pflanzen erhalten.<\/p>\n<p>Senden Sie uns das ausgef\u00fcllte Beitrittsformular und die Zahlung per Post zu oder fragen Sie bei Ihrem n\u00e4chsten Besuch im Garten nach dem Beitritt.[\/vc_column_text][vc_row_inner][vc_column_inner][vc_empty_space][vc_btn title=\"Beitrittsformular 2026\" css=\"\" link=\"url:http%3A%2F%2Fjardinexotiqueroscoff.com%2Fwp-content%2Fuploads%2F2026%2F02%2FBULLETIN-DADHESION-2026.pdf|title:Beitrittsformular%202026|target:_blank|\"][vc_column_text][\/vc_column_text][\/vc_column_inner][\/vc_row_inner][\/vc_column][\/vc_row][vc_row][vc_column]<div class=\"sc_socials sc_socials_type_icons sc_socials_shape_square sc_socials_size_small\"><div class=\"sc_socials_item\"><a href=\"https:\/\/www.facebook.com\/JardinExotiqueDeRoscoff\/\" target=\"_blank\" class=\"social_icons social_facebook\" rel=\"noopener\"><span class=\"icon-facebook\"><\/span><\/a><\/div><div class=\"sc_socials_item\"><a href=\"https:\/\/www.instagram.com\/jardin_exotique_de_roscoff\/\" target=\"_blank\" class=\"social_icons social_instagram\" rel=\"noopener\"><span class=\"icon-instagram\"><\/span><\/a><\/div><\/div>[\/vc_column][\/vc_row]<\/p>\n<\/div><\/div><\/div>","protected":false},"excerpt":{"rendered":"<p>[vc_row][vc_column][vc_column_text css=\"\"] Adresse 130 Route de Traon Erc'h, 29680 Roscoff Telefon 02 98 61 29 19 F\u00fcr weitere Fragen : grapes[at]wanadoo.de Er\u00f6ffnung T\u00e4glich vom 1. M\u00e4rz bis 31. Oktober, durchgehend, auch an Feiertagen! \u00d6ffnungszeiten Nebensaison: von 10:00 bis 18:00 Uhr durchgehend | Juli &amp; August: von 10:00 bis 19:00 Uhr durchgehend [\/vc_column_text][\/vc_column][\/vc_row][vc_row][vc_column][vc_column_text] MITGLIEDSCHAFT Jeder, der [&hellip;]<\/p>\n","protected":false},"author":1,"featured_media":0,"parent":0,"menu_order":0,"comment_status":"closed","ping_status":"closed","template":"page.php","meta":{"footnotes":""},"class_list":["post-61634","page","type-page","status-publish","hentry"],"_links":{"self":[{"href":"https:\/\/jardinexotiqueroscoff.com\/de\/wp-json\/wp\/v2\/pages\/61634","targetHints":{"allow":["GET"]}}],"collection":[{"href":"https:\/\/jardinexotiqueroscoff.com\/de\/wp-json\/wp\/v2\/pages"}],"about":[{"href":"https:\/\/jardinexotiqueroscoff.com\/de\/wp-json\/wp\/v2\/types\/page"}],"author":[{"embeddable":true,"href":"https:\/\/jardinexotiqueroscoff.com\/de\/wp-json\/wp\/v2\/users\/1"}],"replies":[{"embeddable":true,"href":"https:\/\/jardinexotiqueroscoff.com\/de\/wp-json\/wp\/v2\/comments?post=61634"}],"version-history":[{"count":10,"href":"https:\/\/jardinexotiqueroscoff.com\/de\/wp-json\/wp\/v2\/pages\/61634\/revisions"}],"predecessor-version":[{"id":62178,"href":"https:\/\/jardinexotiqueroscoff.com\/de\/wp-json\/wp\/v2\/pages\/61634\/revisions\/62178"}],"wp:attachment":[{"href":"https:\/\/jardinexotiqueroscoff.com\/de\/wp-json\/wp\/v2\/media?parent=61634"}],"curies":[{"name":"wp","href":"https:\/\/api.w.org\/{rel}","templated":true}]}}