{"id":61616,"date":"2020-05-06T15:09:51","date_gmt":"2020-05-06T15:09:51","guid":{"rendered":"https:\/\/jardinexotiqueroscoff.com\/rechtliche-hinweise-datenschutzpolitik\/"},"modified":"2025-11-24T13:18:20","modified_gmt":"2025-11-24T13:18:20","slug":"rechtliche-hinweise-datenschutzpolitik","status":"publish","type":"page","link":"https:\/\/jardinexotiqueroscoff.com\/de\/rechtliche-hinweise-datenschutzpolitik\/","title":{"rendered":"Rechtliche Hinweise &amp; Datenschutzpolitik"},"content":{"rendered":"<div id=\"dslc-theme-content\"><div id=\"dslc-theme-content-inner\"><div class=\"wpb-content-wrapper\"><p>[vc_row full_width=\"stretch_row\"][vc_column][vc_column_text]Bitte lesen Sie die verschiedenen Nutzungsbedingungen dieser Website sorgf\u00e4ltig durch, bevor Sie sich auf den Seiten umsehen. Wenn Sie sich auf dieser Website einloggen, stimmen Sie diesen Bedingungen vorbehaltlos zu. Gem\u00e4\u00df Artikel 6 des Gesetzes Nr. 2004-575 vom 21. Juni 2004 \u00fcber das Vertrauen in die digitale Wirtschaft sind die Verantwortlichen f\u00fcr diese Website <a href=\"http:\/\/jardinexotiqueroscoff.com\">jardinexotiqueroscoff.com<\/a>:<\/p>\n<p style=\"color: #b51a00;\"><span style=\"color: #000000;\"><b>Herausgeber der Website :  <\/b><\/span><\/p>\n<p>Assocation GRAPES<br \/>SIRET-Nummer: 38080389000025<br \/>Verantwortliche Redakteurin: Elodie Leli\u00e8vre<br \/>Lieu-dit Roc'h Hievec, 29680 Roscoff<br \/>Telefon :02 98 61 29 19 - Fax : 02 98 61 29 19<br \/>Email : grapes@wanadoo.fr<br \/>Website: <a href=\"http:\/\/jardinexotiqueroscoff.com\">jardinexotiqueroscoff.com<\/a><\/p>\n<p style=\"color: #b51a00;\"><b><span style=\"color: #000000;\">Unterkunft :<\/span> <\/b><\/p>\n<p>Hosting: Ionos<br \/>7, place de la Gare BP 70109 57200 Sarreguemines C<br \/>Website: <a href=\"http:\/\/www.ionos.fr\" target=\"_blank\" rel=\"noopener\">www.ionos.fr<\/a><\/p>\n<p style=\"color: #b51a00;\"><span style=\"color: #000000;\"><b>Grafik<\/b><b> : <\/b> <\/span><\/p>\n<p>AGALAB<br \/>Adresse: 5 all\u00e9e des cypr\u00e8s<br \/>Website: <a href=\"http:\/\/aga-lab.com\" target=\"_blank\" rel=\"noopener\">aga-lab.com<\/a><\/p>\n<p style=\"color: #b51a00;\"><span style=\"color: #000000;\"><b>Nutzungsbedingungen :  <\/b><\/span><\/p>\n<p>Diese Website<a href=\"http:\/\/jardinexotiqueroscoff.com\">(jardinexotiqueroscoff.com<\/a>) wird in verschiedenen Websprachen (HTML, HTML5, Javascript, CSS, usw.) angeboten. F\u00fcr einen besseren Benutzerkomfort und eine ansprechendere Grafik empfehlen wir die Verwendung moderner Browser wie Internet Explorer, Safari, Firefox, Google Chrome, usw.<br \/>Das Impressum wurde auf der Website <a title=\"Kostenloser Impressumsgenerator f\u00fcr Webseiten\" href=\"http:\/\/www.generateur-de-mentions-legales.com\" target=\"_blank\" rel=\"noopener\">Impressum-Generator<\/a>, angeboten von <a title=\"druckerei paris, druckerei paris\" href=\"http:\/\/welye.com\" target=\"_blank\" rel=\"noopener\">Welye<\/a>, erstellt.<\/p>\n<p><span style=\"color: #323333;\">Assocation GRAPES<b> <\/b><\/span>setzt alle verf\u00fcgbaren Mittel ein, um zuverl\u00e4ssige Informationen und eine zuverl\u00e4ssige Aktualisierung seiner Websites zu gew\u00e4hrleisten. Es k\u00f6nnen jedoch Fehler oder Auslassungen auftreten. Der Internetnutzer sollte sich daher vergewissern, dass die Informationen korrekt sind, und alle \u00c4nderungen an der Website melden, die er f\u00fcr n\u00fctzlich h\u00e4lt.   <\/p>\n<p><b>Cookies<\/b>: Die Website <a href=\"http:\/\/jardinexotiqueroscoff.com\">jardinexotiqueroscoff.com<\/a> kann Sie um die Annahme von Cookies f\u00fcr statistische Zwecke und zur Anzeige bitten. Ein Cookie ist eine Information, die vom Server der Website, die Sie besuchen, auf Ihrer Festplatte abgelegt wird. Sie enth\u00e4lt eine Reihe von Daten, die auf Ihrem Computer in einer einfachen Textdatei gespeichert sind, auf die ein Server zugreift, um Informationen zu lesen und zu speichern. Einige Teile dieser Website sind ohne die Annahme von Cookies nicht funktionsf\u00e4hig.<\/p>\n<p><b>Hyperlinks :<\/b> Die Webseiten von k\u00f6nnen Links zu anderen Webseiten oder anderen im Internet verf\u00fcgbaren Ressourcen anbieten. Assocation GRAPES verf\u00fcgt \u00fcber keine Mittel, um die mit ihren Websites verbundenen Websites zu kontrollieren. Assocation GRAPES \u00fcbernimmt keine Verantwortung f\u00fcr die Verf\u00fcgbarkeit solcher Websites und externen Quellen und garantiert diese auch nicht. Sie kann nicht f\u00fcr Sch\u00e4den jeglicher Art haftbar gemacht werden, die sich aus dem Inhalt dieser Websites oder externen Quellen ergeben, insbesondere nicht f\u00fcr Informationen, Produkte oder Dienstleistungen, die dort angeboten werden, oder f\u00fcr die Nutzung dieser Elemente. Der Internetnutzer tr\u00e4gt das volle Risiko f\u00fcr diese Nutzung und muss sich an die Nutzungsbedingungen halten.    <\/p>\n<p>Nutzer, Abonnenten und Besucher der Websites von d\u00fcrfen ohne die ausdr\u00fcckliche und vorherige Genehmigung von Assocation GRAPES keinen Hyperlink zu dieser Website einrichten.<\/p>\n<p>Wenn ein Nutzer oder Besucher einen Hyperlink zu einer der Websites von Assocation GRAPES einrichten m\u00f6chte, muss er eine E-Mail an die Website senden, um seinen Antrag auf Einrichtung eines Hyperlinks zu formulieren. Assocation GRAPES beh\u00e4lt sich das Recht vor, einen Hyperlink ohne Angabe von Gr\u00fcnden zu akzeptieren oder abzulehnen. <\/p>\n<p style=\"color: #b51a00;\"><span style=\"color: #000000;\"><b>Erbrachte Dienstleistungen :  <\/b><\/span><\/p>\n<p style=\"color: #323333;\">Alle Aktivit\u00e4ten und Informationen des Unternehmens finden Sie auf unserer Website <a href=\"http:\/\/jardinexotiqueroscoff.com\">jardinexotiqueroscoff.com<\/a>.<\/p>\n<p style=\"color: #323333;\">Assocation GRAPES bem\u00fcht sich, auf der Website jardinexotiqueroscoff.com m\u00f6glichst genaue Informationen zur Verf\u00fcgung zu stellen. Die Informationen auf der Website <a href=\"http:\/\/jardinexotiqueroscoff.com\">jardinexotiqueroscoff.com<\/a> sind nicht ersch\u00f6pfend und die Fotos sind nicht vertraglich bindend. Sie werden vorbehaltlich der \u00c4nderungen gegeben, die seit ihrer Ver\u00f6ffentlichung vorgenommen wurden. Im \u00dcbrigen sind alle Informationen auf der Website jardinexotiqueroscoff.com   <b> <\/b>sind unverbindlich und k\u00f6nnen sich ohne vorherige Ank\u00fcndigung \u00e4ndern oder weiterentwickeln.<\/p>\n<p>&nbsp;<\/p>\n<p style=\"color: #b51a00;\"><span style=\"color: #000000;\"><b>Vertragliche Beschr\u00e4nkungen der Daten :  <\/b><\/span><\/p>\n<p>Die auf dieser Website enthaltenen Informationen sind so genau wie m\u00f6glich und die Website wird zu verschiedenen Zeiten des Jahres aktualisiert, kann aber dennoch Ungenauigkeiten oder Auslassungen enthalten. Wenn Sie eine L\u00fccke, einen Fehler oder eine scheinbare Fehlfunktion feststellen, melden Sie dies bitte per E-Mail an grapes@wanadoo.fr und beschreiben Sie das Problem so genau wie m\u00f6glich (Seite, auf der das Problem auftritt, Art des verwendeten Computers und Browsers, ...). <\/p>\n<p>Alle heruntergeladenen Inhalte werden auf Risiko des Nutzers und unter seiner alleinigen Verantwortung heruntergeladen. Der Anbieter haftet nicht f\u00fcr Sch\u00e4den am Computer des Nutzers oder f\u00fcr Datenverluste infolge des Downloads.   <span style=\"color: #323333;\">Dar\u00fcber hinaus verpflichtet sich der Nutzer der Website, auf die Website mit neuer Hardware, die keine Viren enth\u00e4lt, und mit einem Browser der neuesten Generation zuzugreifen, der auf dem neuesten Stand ist.<\/span><\/p>\n<p>Assocation GRAPES haftet nicht f\u00fcr Hypertext-Links, die im Rahmen dieser Website zu anderen Ressourcen im Internet eingerichtet werden.<\/p>\n<p style=\"color: #b51a00;\"><span style=\"color: #000000;\"><b>Geistiges Eigentum :<\/b><\/span><\/p>\n<p>Der gesamte Inhalt der Website <a href=\"http:\/\/jardinexotiqueroscoff.com\">jardinexotiqueroscoff.com<\/a>, einschlie\u00dflich, aber nicht beschr\u00e4nkt auf, Grafiken, Bilder, Texte, Videos, Animationen, T\u00f6ne, Logos, Gifs und Icons sowie deren Formatierung sind das ausschlie\u00dfliche Eigentum des Unternehmens, mit Ausnahme von Marken, Logos oder Inhalten, die anderen Partnerunternehmen oder Autoren geh\u00f6ren.<\/p>\n<p>Jede auch nur teilweise Vervielf\u00e4ltigung, Verbreitung, \u00c4nderung, Anpassung, Weiterleitung oder Ver\u00f6ffentlichung dieser verschiedenen Elemente ist ohne die ausdr\u00fcckliche schriftliche Genehmigung von Assocation GRAPES strengstens untersagt. Diese Darstellung oder Vervielf\u00e4ltigung, gleichg\u00fcltig durch welches Verfahren, stellt eine F\u00e4lschung dar, die nach Artikel L.335-2 ff. des Gesetzes \u00fcber geistiges Eigentum bestraft wird. Die Nichtbeachtung dieses Verbots stellt eine F\u00e4lschung dar, f\u00fcr die der F\u00e4lscher zivil- und strafrechtlich haftbar gemacht werden kann. Dar\u00fcber hinaus k\u00f6nnen die Eigent\u00fcmer der kopierten Inhalte rechtliche Schritte gegen Sie einleiten.   <\/p>\n<p style=\"color: #b51a00;\"><span style=\"color: #000000;\"><b>Anmeldung bei der CNIL :  <\/b><\/span><\/p>\n<p>Gem\u00e4\u00df dem Gesetz 78-17 vom 6. Januar 1978 (ge\u00e4ndert durch das Gesetz 2004-801 vom 6. August 2004 \u00fcber den Schutz nat\u00fcrlicher Personen bei der Verarbeitung personenbezogener Daten) \u00fcber Informatik, Dateien und Freiheiten wurde diese Website bei der Commission nationale de l'informatique et des libert\u00e9s<a href=\"http:\/\/www.cnil.fr\/\" target=\"_blank\" rel=\"noopener\">(www.cnil.fr<\/a>) angemeldet.<\/p>\n<p style=\"color: #b51a00;\"><span style=\"color: #000000;\"><b>Streitigkeiten :  <\/b><\/span><\/p>\n<p>Die vorliegenden Bedingungen der Website <a href=\"http:\/\/jardinexotiqueroscoff.com\">jardinexotiqueroscoff.com<\/a> unterliegen den franz\u00f6sischen Gesetzen und alle Streitigkeiten, die sich aus der Auslegung oder Ausf\u00fchrung dieser Bedingungen ergeben k\u00f6nnten, unterliegen der ausschlie\u00dflichen Zust\u00e4ndigkeit der Gerichte, in deren Bezirk das Unternehmen seinen Sitz hat. Die Referenzsprache f\u00fcr die Beilegung von Streitigkeiten ist Franz\u00f6sisch.<\/p>\n<p style=\"color: #b51a00;\"><span style=\"color: #000000;\"><b>Pers\u00f6nliche Daten :<\/b><\/span><\/p>\n<p>Im Allgemeinen sind Sie nicht verpflichtet, uns Ihre pers\u00f6nlichen Daten zur Verf\u00fcgung zu stellen, wenn Sie unsere Website <a href=\"http:\/\/jardinexotiqueroscoff.com\">jardinexotiqueroscoff.com<\/a> besuchen.<\/p>\n<p>Es gibt jedoch einige Ausnahmen von diesem Prinzip. F\u00fcr bestimmte Dienstleistungen, die auf unserer Website angeboten werden, kann es sein, dass Sie uns bestimmte Daten wie Ihren Namen, Ihre Funktion, den Namen Ihres Unternehmens, Ihre E-Mail-Adresse und Ihre Telefonnummer mitteilen m\u00fcssen. Dies ist der Fall, wenn Sie das Formular ausf\u00fcllen, das Ihnen online unter der Rubrik \"Kontakt\" zur Verf\u00fcgung steht. In jedem Fall k\u00f6nnen Sie die Angabe Ihrer pers\u00f6nlichen Daten verweigern. In diesem Fall k\u00f6nnen Sie die Dienste der Website nicht nutzen, insbesondere nicht die M\u00f6glichkeit, Informationen \u00fcber unser Unternehmen anzufordern oder den Newsletter zu erhalten.    <\/p>\n<p>Schlie\u00dflich k\u00f6nnen wir automatisch bestimmte Informationen \u00fcber Sie sammeln, wenn Sie einfach auf unserer Website surfen, insbesondere: Informationen \u00fcber die Nutzung unserer Website, wie die Bereiche, die Sie besuchen, und die Dienste, auf die Sie zugreifen, Ihre IP-Adresse, den Typ Ihres Browsers, Ihre Zugriffszeiten. Diese Informationen werden ausschlie\u00dflich f\u00fcr interne statistische Zwecke verwendet, um die Qualit\u00e4t der Ihnen angebotenen Dienstleistungen zu verbessern. Die Datenbanken sind durch die Bestimmungen des Gesetzes vom 1. Juli 1998 zur Umsetzung der Richtlinie 96\/9 vom 11. M\u00e4rz 1996 \u00fcber den rechtlichen Schutz von Datenbanken gesch\u00fctzt.  [\/vc_column_text][vc_empty_space height=\"1.5em\"][\/vc_column][\/vc_row]<\/p>\n<\/div><\/div><\/div>","protected":false},"excerpt":{"rendered":"<p>[vc_row full_width=\"stretch_row\"][vc_column][vc_column_text]Bitte lesen Sie die verschiedenen Nutzungsbedingungen dieser Website sorgf\u00e4ltig durch, bevor Sie sich auf den Seiten umsehen. Wenn Sie sich auf dieser Website einloggen, stimmen Sie diesen Bedingungen vorbehaltlos zu. Gem\u00e4\u00df Artikel 6 des Gesetzes Nr. 2004-575 vom 21. Juni 2004 \u00fcber das Vertrauen in die digitale Wirtschaft sind die Verantwortlichen f\u00fcr diese Website [&hellip;]<\/p>\n","protected":false},"author":1,"featured_media":0,"parent":0,"menu_order":0,"comment_status":"closed","ping_status":"closed","template":"","meta":{"footnotes":""},"class_list":["post-61616","page","type-page","status-publish","hentry"],"_links":{"self":[{"href":"https:\/\/jardinexotiqueroscoff.com\/de\/wp-json\/wp\/v2\/pages\/61616","targetHints":{"allow":["GET"]}}],"collection":[{"href":"https:\/\/jardinexotiqueroscoff.com\/de\/wp-json\/wp\/v2\/pages"}],"about":[{"href":"https:\/\/jardinexotiqueroscoff.com\/de\/wp-json\/wp\/v2\/types\/page"}],"author":[{"embeddable":true,"href":"https:\/\/jardinexotiqueroscoff.com\/de\/wp-json\/wp\/v2\/users\/1"}],"replies":[{"embeddable":true,"href":"https:\/\/jardinexotiqueroscoff.com\/de\/wp-json\/wp\/v2\/comments?post=61616"}],"version-history":[{"count":6,"href":"https:\/\/jardinexotiqueroscoff.com\/de\/wp-json\/wp\/v2\/pages\/61616\/revisions"}],"predecessor-version":[{"id":62052,"href":"https:\/\/jardinexotiqueroscoff.com\/de\/wp-json\/wp\/v2\/pages\/61616\/revisions\/62052"}],"wp:attachment":[{"href":"https:\/\/jardinexotiqueroscoff.com\/de\/wp-json\/wp\/v2\/media?parent=61616"}],"curies":[{"name":"wp","href":"https:\/\/api.w.org\/{rel}","templated":true}]}}